{"id":41,"date":"2023-12-05T11:00:42","date_gmt":"2023-12-05T10:00:42","guid":{"rendered":"http:\/\/lionofjudah.info\/?page_id=41"},"modified":"2026-02-13T10:49:31","modified_gmt":"2026-02-13T09:49:31","slug":"startseite","status":"publish","type":"page","link":"https:\/\/lionofjudah.info\/?page_id=41","title":{"rendered":"Startseite"},"content":{"rendered":"<style>.wp-block-kadence-advancedbtn.kb-btns41_980c60-5a{gap:var(--global-kb-gap-xs, 0.5rem );justify-content:center;align-items:center;}.kt-btns41_980c60-5a .kt-button{font-weight:normal;font-style:normal;}.kt-btns41_980c60-5a .kt-btn-wrap-0{margin-right:5px;}.wp-block-kadence-advancedbtn.kt-btns41_980c60-5a .kt-btn-wrap-0 .kt-button{color:#555555;border-color:#555555;}.wp-block-kadence-advancedbtn.kt-btns41_980c60-5a .kt-btn-wrap-0 .kt-button:hover, .wp-block-kadence-advancedbtn.kt-btns41_980c60-5a .kt-btn-wrap-0 .kt-button:focus{color:#ffffff;border-color:#444444;}.wp-block-kadence-advancedbtn.kt-btns41_980c60-5a .kt-btn-wrap-0 .kt-button::before{display:none;}.wp-block-kadence-advancedbtn.kt-btns41_980c60-5a .kt-btn-wrap-0 .kt-button:hover, .wp-block-kadence-advancedbtn.kt-btns41_980c60-5a .kt-btn-wrap-0 .kt-button:focus{background:#444444;}<\/style>\n<div class=\"wp-block-kadence-advancedbtn kb-buttons-wrap kb-btns41_980c60-5a\"><style>ul.menu .wp-block-kadence-advancedbtn .kb-btn41_aa9fcd-9b.kb-button{width:initial;}<\/style><a class=\"kb-button kt-button button kb-btn41_aa9fcd-9b kt-btn-size-small kt-btn-width-type-auto kb-btn-global-fill  kt-btn-has-text-true kt-btn-has-svg-false  wp-block-kadence-singlebtn\" href=\"https:\/\/churchathome.lion-of-judah.net\/\" target=\"_blank\" rel=\"noreferrer noopener\"><span class=\"kt-btn-inner-text\">Church@Home<\/span><\/a>\n\n<style>ul.menu .wp-block-kadence-advancedbtn .kb-btn41_147b94-53.kb-button{width:initial;}<\/style><a class=\"kb-button kt-button button kb-btn41_147b94-53 kt-btn-size-small kt-btn-width-type-auto kb-btn-global-fill  kt-btn-has-text-true kt-btn-has-svg-false  wp-block-kadence-singlebtn\" href=\"https:\/\/lion4israel.lion-of-judah.net\/\" target=\"_blank\" rel=\"noreferrer noopener\"><span class=\"kt-btn-inner-text\">Lion for Israel<\/span><\/a>\n\n<style>ul.menu .wp-block-kadence-advancedbtn .kb-btn41_71bc54-72.kb-button{width:initial;}<\/style><a class=\"kb-button kt-button button kb-btn41_71bc54-72 kt-btn-size-small kt-btn-width-type-auto kb-btn-global-fill  kt-btn-has-text-true kt-btn-has-svg-false  wp-block-kadence-singlebtn\" href=\"https:\/\/wohlergehen.lion-of-judah.net\/\" target=\"_blank\" rel=\"noreferrer noopener\"><span class=\"kt-btn-inner-text\">Wellness<\/span><\/a>\n\n<style>ul.menu .wp-block-kadence-advancedbtn .kb-btn41_5c603b-63.kb-button{width:initial;}<\/style><a class=\"kb-button kt-button button kb-btn41_5c603b-63 kt-btn-size-small kt-btn-width-type-auto kb-btn-global-fill  kt-btn-has-text-true kt-btn-has-svg-false  wp-block-kadence-singlebtn\" href=\"https:\/\/jugend.lion-of-judah.net\/\"><span class=\"kt-btn-inner-text\">Jugend<\/span><\/a>\n\n<style>ul.menu .wp-block-kadence-advancedbtn .kb-btn41_9c4672-b2.kb-button{width:initial;}<\/style><a class=\"kb-button kt-button button kb-btn41_9c4672-b2 kt-btn-size-small kt-btn-width-type-auto kb-btn-global-fill  kt-btn-has-text-true kt-btn-has-svg-false  wp-block-kadence-singlebtn\" href=\"https:\/\/senioren.lion-of-judah.net\/\" target=\"_blank\" rel=\"noreferrer noopener\"><span class=\"kt-btn-inner-text\">Senioren<\/span><\/a>\n\n<style>ul.menu .wp-block-kadence-advancedbtn .kb-btn41_ad8ed1-6c.kb-button{width:initial;}<\/style><a class=\"kb-button kt-button button kb-btn41_ad8ed1-6c kt-btn-size-small kt-btn-width-type-auto kb-btn-global-fill  kt-btn-has-text-true kt-btn-has-svg-false  wp-block-kadence-singlebtn\" href=\"https:\/\/frau.lion-of-judah.net\/\" target=\"_blank\" rel=\"noreferrer noopener\"><span class=\"kt-btn-inner-text\">Frauen<\/span><\/a>\n\n<style>ul.menu .wp-block-kadence-advancedbtn .kb-btn41_0aa2de-5e.kb-button{width:initial;}<\/style><a class=\"kb-button kt-button button kb-btn41_0aa2de-5e kt-btn-size-small kt-btn-width-type-auto kb-btn-global-fill  kt-btn-has-text-true kt-btn-has-svg-false  wp-block-kadence-singlebtn\" href=\"https:\/\/mann.lion-of-judah.net\/\" target=\"_blank\" rel=\"noreferrer noopener\"><span class=\"kt-btn-inner-text\">M\u00e4nner<\/span><\/a>\n\n<style>ul.menu .wp-block-kadence-advancedbtn .kb-btn41_c4a1ef-32.kb-button{width:initial;}<\/style><a class=\"kb-button kt-button button kb-btn41_c4a1ef-32 kt-btn-size-small kt-btn-width-type-auto kb-btn-global-fill  kt-btn-has-text-true kt-btn-has-svg-false  wp-block-kadence-singlebtn\" href=\"https:\/\/gebet.lion-of-judah.net\/\" target=\"_blank\" rel=\"noreferrer noopener\"><span class=\"kt-btn-inner-text\">Gebet<\/span><\/a>\n\n<style>ul.menu .wp-block-kadence-advancedbtn .kb-btn41_359777-9b.kb-button{width:initial;}.kb-btn41_359777-9b.kb-button .kb-svg-icon-wrap{font-size:60px;--kb-button-icon-size:60px;}<\/style><a class=\"kb-button kt-button button kb-btn41_359777-9b kt-btn-size-small kt-btn-width-type-auto kb-btn-global-fill  kt-btn-has-text-true kt-btn-has-svg-false  wp-block-kadence-singlebtn\" href=\"https:\/\/sucht.lion-of-judah.net\/\" target=\"_blank\" rel=\"noreferrer noopener\"><span class=\"kt-btn-inner-text\">S\u00fcchte<\/span><\/a>\n\n<style>ul.menu .wp-block-kadence-advancedbtn .kb-btn41_98e991-67.kb-button{width:initial;}<\/style><a class=\"kb-button kt-button button kb-btn41_98e991-67 kt-btn-size-small kt-btn-width-type-auto kb-btn-global-fill  kt-btn-has-text-true kt-btn-has-svg-false  wp-block-kadence-singlebtn\" href=\"https:\/\/gefangen.lion-of-judah.net\/\" target=\"_blank\" rel=\"noreferrer noopener\"><span class=\"kt-btn-inner-text\">Gefangene<\/span><\/a>\n\n<style>ul.menu .wp-block-kadence-advancedbtn .kb-btn41_793815-8a.kb-button{width:initial;}<\/style><a class=\"kb-button kt-button button kb-btn41_793815-8a kt-btn-size-small kt-btn-width-type-auto kb-btn-global-fill  kt-btn-has-text-true kt-btn-has-svg-false  wp-block-kadence-singlebtn\" href=\"https:\/\/lobpreis.lion-of-judah.net\/\" target=\"_blank\" rel=\"noreferrer noopener\"><span class=\"kt-btn-inner-text\">Lobpreis<\/span><\/a>\n\n<style>ul.menu .wp-block-kadence-advancedbtn .kb-btn41_bece5c-ec.kb-button{width:initial;}<\/style><a class=\"kb-button kt-button button kb-btn41_bece5c-ec kt-btn-size-small kt-btn-width-type-auto kb-btn-global-fill  kt-btn-has-text-true kt-btn-has-svg-false  wp-block-kadence-singlebtn\" href=\"https:\/\/mm.lion-of-judah.net\/\" target=\"_blank\" rel=\"noreferrer noopener\"><span class=\"kt-btn-inner-text\">Biker<\/span><\/a><\/div>\n\n\n<style>.wp-block-kadence-spacer.kt-block-spacer-41_82849a-ae .kt-block-spacer{height:20px;}.wp-block-kadence-spacer.kt-block-spacer-41_82849a-ae .kt-divider{border-top-width:1px;height:1px;border-top-color:#eee;width:80%;border-top-style:solid;}<\/style>\n<div class=\"wp-block-kadence-spacer aligncenter kt-block-spacer-41_82849a-ae\"><div class=\"kt-block-spacer kt-block-spacer-halign-center\"><hr class=\"kt-divider\"\/><\/div><\/div>\n\n\n\n<h1 class=\"wp-block-heading has-text-align-center\" id=\"Herzlich-Willkommen\">Herzlich willkommen,<\/h1>\n\n\n\n<div class=\"wp-block-buttons is-content-justification-center is-layout-flex wp-container-core-buttons-is-layout-16018d1d wp-block-buttons-is-layout-flex\">\n<div class=\"wp-block-button\"><a class=\"wp-block-button__link wp-element-button\" href=\"https:\/\/lionofjudah.info\/?page_id=366\" target=\"_blank\" rel=\"noreferrer noopener\"><strong>Die Bibel<\/strong><\/a><\/div>\n\n\n\n<div class=\"wp-block-button\"><a class=\"wp-block-button__link wp-element-button\" href=\"http:\/\/lionofjudah.info\/?page_id=47\">\u00dcber uns<\/a><\/div>\n\n\n\n<div class=\"wp-block-button\"><a class=\"wp-block-button__link wp-element-button\" href=\"http:\/\/lionofjudah.info\/?page_id=66\">Vision<\/a><\/div>\n\n\n\n<div class=\"wp-block-button\"><a class=\"wp-block-button__link wp-element-button\" href=\"https:\/\/vorratshaus.lion-of-judah.net\/\">Lion Church &#8211; das Vorratshaus<\/a><\/div>\n\n\n\n<div class=\"wp-block-button\"><a class=\"wp-block-button__link wp-element-button\" href=\"http:\/\/lionofjudah.info\/?page_id=50\">Partnerschaft<\/a><\/div>\n\n\n\n<div class=\"wp-block-button\"><a class=\"wp-block-button__link wp-element-button\" href=\"http:\/\/lionofjudah.info\/?page_id=87\">Kontakt<\/a><\/div>\n\n\n\n<div class=\"wp-block-button\"><a class=\"wp-block-button__link wp-element-button\" href=\"https:\/\/www.paypal.com\/donate\/?hosted_button_id=UME82WNVMZCDG\" target=\"_blank\" rel=\"noreferrer noopener\">Unterst\u00fctze den L\u00f6wen<\/a><\/div>\n<\/div>\n\n\n\n<div style=\"height:2px\" aria-hidden=\"true\" class=\"wp-block-spacer\"><\/div>\n\n\n\n<p>hier muss ich leider mit einer traugigen Realiti\u00e4t beginnen, und zwar, dass im Lauf der Jahrtausende unz\u00e4hlige unschuldiger Menschen gequ\u00e4lt, missbraucht, gefoltert, ermordet und in tausenden Kriegen buchst\u00e4blich &#8222;verheizt&#8220; worden sind &#8211; und das <strong>im Namen von G\u00f6ttern aller Religionen.<\/strong> <br><br>Dabei standen \u00fcberall Geistliche, meist nicht ganz so buchst\u00e4blich, in &#8222;forderster Front&#8220; um diese Kriege, f\u00fcr ihre jeweilige Seite als gerecht, in Gottes Willen und unter Gottes Segen zu deklarieren &#8211; leider geschieht dies bis in unsere heutige &#8222;aufgekl\u00e4rte und zivilisierte&#8220; Welt und Zeit hinein.<br><br>Ein Blick in die Geschichte zeigt uns bedauerlicherweise, dass sich gerade in diesem Bereich unsere verschiedenen christlichen Kirchen &#8211; zusammen mit unseren duch den gemeinsamen Glauben an den Gott Abrahams &#8222;Stammesverwandten&#8220; Muslimen aus den unterschiedlichen St\u00f6mungen des Islam &#8211; hervorgetan haben.<br>Diese beiden &#8222;Glaubenssysteme&#8220; haben damit, objektiv betrachtet in negativstem Sinn &#8211; und ohne es jemals leugnen zu k\u00f6nnen, alle anderen Religionen mit Abstand \u00fcbertroffen &#8211; <strong>in absolutem Gegensatz zu dem was Jesus Christus der Menschheit gelehrt und selbst vorgelebt hat!<\/strong><br><br>Dabei wird in diesen beiden Religionen die absolute Friedfertigkeit von Jesus, oder Isa, wie er im Islam genannt wird, w\u00e4hrend seines ganzen Lebens bezeugt. <br>Sowohl die Bibel als auch der Koran bezeichen diesen &#8222;Jesus\/Isa&#8220; auch als das <strong>&#8222;Wort Gottes&#8220; <\/strong>im Koran wird ER zus\u00e4tzlich noch der &#8222;Geist Gottes&#8220; genannt.<br><br>Aber gerade darum ist jedes einzelne dieser unz\u00e4hligen Opfer f\u00fcr uns ein trauriger Grund &#8211; ein Grund weshalb es in &#8222;Lion of Judah&#8220; (einer weiteren Bezeichnung f\u00fcr Jesus aus dem letzten Buch der Bibel, der Offenbarung) nicht um irgendeine religi\u00f6se Weltanschauung oder Philosopie , sondern zun\u00e4chst um die wichtigste Frage f\u00fcr uns Menschen &#8211; und in Folge um die Konsequenz daraus, geht:<\/p>\n\n\n\n<div style=\"height:3px\" aria-hidden=\"true\" class=\"wp-block-spacer\"><\/div>\n\n\n\n<h3 class=\"wp-block-heading\"><strong>Wozu existieren wir \u00fcberhaupt &#8211; und was kommt danach?<\/strong><\/h3>\n\n\n\n<h5 class=\"wp-block-heading has-text-align-center\"><strong>Es gibt definitiv nur zwei m\u00f6gliche Antworten:<\/strong><\/h5>\n\n\n\n<div class=\"wp-block-columns is-layout-flex wp-container-core-columns-is-layout-9d6595d7 wp-block-columns-is-layout-flex\">\n<div class=\"wp-block-column is-layout-flow wp-block-column-is-layout-flow\">\n<h4 class=\"wp-block-heading has-text-align-center\">1.<\/h4>\n\n\n\n<p><strong>Entweder &#8211; es gibt gar keinen Grund und folglich auch kein &#8222;Danach&#8220; f\u00fcr uns.<\/strong> <\/p>\n\n\n\n<p>Unser Bewusstsein, unsere Pers\u00f6nlichkeit, das  eigene ICH hat genau soviel Bedeutung wie ein Stein, oder jener Haufen den ein Elefant gerade in die Savanne fallen l\u00e4sst &#8211; weil dann <strong>alles was existiert, nur aus Zufall<\/strong> und jede weitere Entwicklung durch Evolution, entstanden ist.<\/p>\n\n\n\n<p>Allerdings widersprechen dem gleich mehrere unserer Natur-Gesetze. Beispielsweise besagt der zweite Hauptsatz der Thermodynamik, dass die Unordnung in einem geschlossenen System, wie unserem Universum, st\u00e4ndig zunimmt.<\/p>\n\n\n\n<p>Aber wie k\u00f6nnen dann aus einem chaotisch wabernden Plasma unz\u00e4hlige Gruppen von Galaxienhaufen, voller &#8222;Milchstra\u00dfen&#8220; wie unserer, alle bestehend aus Milliarden von Sonnen, viele davon mit stabilen Planetensystemen &#8211; geschweige denn so komplexe organische Lebensformen wie wir, mit einem Kompass f\u00fcr &#8222;Gut und B\u00f6se&#8220;, unserem Gewissen und einer Ahnung von der Ewigkeit, entstehen???<br><br><\/p>\n<\/div>\n\n\n\n<div class=\"wp-block-column is-layout-flow wp-block-column-is-layout-flow\">\n<h4 class=\"wp-block-heading has-text-align-center\">2.<\/h4>\n\n\n\n<p><strong>Oder aber &#8211; irgend ETWAS hat sich doch etwas dabei gedacht, <\/strong><br>als &#8222;ES&#8220;, nach dem derzeitigen Erkenntnisstand der Wissenschaft vor knapp 14 Milliarden Jahren, mit unserem Universum zusammen die uns &#8222;bekannten&#8220; f\u00fcnf Dimensionen<\/p>\n\n\n\n<ul class=\"wp-block-list\">\n<li>des Raums (die <strong>H\u00f6he<\/strong>, <strong>Breite<\/strong> und <strong>Tiefe<\/strong>, die unser K\u00f6rper selbst einnimmt und in denen wir uns bewegen k\u00f6nnen),<br><br><\/li>\n\n\n\n<li>der <strong>Zeit<\/strong> (durch welche wir ein Bewusstsein erlangen k\u00f6nnen, die leider aber gleichzeitig eine Einbahnstra\u00dfe mit einem Anfang und einem Ende f\u00fcr uns darstellt) <br><br><\/li>\n\n\n\n<li>und, durch die Energie bzw. Materie (aus der wir k\u00f6rperlich bestehen und die wir auch best\u00e4ndig zum Leben ben\u00f6tigen), die &#8222;<strong>Raumkr\u00fcmmung<\/strong>&#8220; (durch die Masse der ganzen Materie im Universum und deren daraus folgenede Gravitation werden die 3 Dimensionen des Raums und auch die Zeit &#8222;verbogen&#8220; oder gar &#8222;gefaltet&#8220; \ud83d\ude42 )<\/li>\n<\/ul>\n\n\n\n<p>in einem sogenannten &#8222;Urknall&#8220;, aus dem &#8222;Nichts&#8220; heraus <strong>erschaffen hat.<\/strong><\/p>\n<\/div>\n<\/div>\n\n\n\n<p>Auch rein untersuchende Wissenschaften, wie z.B. die Arch\u00e4ologie zeigen auf, dass sich offenbar nicht einmal die Molek\u00fcle von etwas so banalem wie einer Plastikt\u00fcte in den vergangenen 4,5 Milliarden Jahren unseres Sonnensystems aus Zufall zusammen gefunden haben.<br>Und das, obwohl die dazu ben\u00f6tigten Elemente daf\u00fcr, doch schon seit einigen weiteren Milliarden Jahre existierten sollten!<\/p>\n\n\n\n<p>Wenn wir also nicht &#8211; blo\u00dfer Zufall &#8211; sind, sondern zu einem gro\u00dfen Plan geh\u00f6ren, dann muss es zwangsl\u00e4ufig auch einen <strong>Sch\u00f6pfer<\/strong> von Plan und Werk geben &#8211; nur, <strong>was m\u00f6chte dieser Sch\u00f6pfer<\/strong> eigentlich <strong>von uns Menschen?<\/strong><\/p>\n\n\n\n<div style=\"height:21px\" aria-hidden=\"true\" class=\"wp-block-spacer\"><\/div>\n\n\n\n<h3 class=\"wp-block-heading\"><strong>Die ganz einfache Antwort, des Gottes der sich uns in der Bibel vorstellt, finden wir in dem was er auch als &#8222;Sein Wort&#8220; bezeichnet, sowohl im alten und auch im neuen Testament &#8211; unter anderem in der Guten Nachricht von Lukas, dem Lukasevangelium, in Kapitel 10, Vers 27 <\/strong><\/h3>\n\n\n\n<p><strong>IHN, den Sch\u00f6pfer, aus ganzem Herzen zu lieben &#8211; und alle anderen Menschen auf der Welt genau so sehr zu lieben wie Du Dich selbst liebst.<\/strong><br><br>Punkt &#8211; nicht mehr &#8211; aber auch nicht weniger! &#8211; Sicher, es gibt daf\u00fcr noch viel f\u00fcr uns zu lernen, aber laut diesem Gott ist in diesem einzigen Satz schon alles Entscheidende enthalten!<br><br>Es scheint dass <strong>dieser <\/strong>Gott uns pers\u00f6nlich kennt und wei\u00df wie wichtig diese Frage, f\u00fcr jeden einzelnen von uns Menschen, ist. <br>Wir finden diese, seine Antwort, an vielen Stellen in der Bibel, &#8222;seinem Wort&#8220;, von ihrem ersten Buch (Genesis) bis zum Ende (Offenbarung). <br>\u00dcber einen Zeitraum von mehr als eineinhabtausend Jahren, durch unterschiedlichste, von seinem Geist inspirierte Menschen, f\u00fcr alle V\u00f6lker und alle Generationen beantwortet.<br><br>F\u00fcr mich pers\u00f6nlich ist Seine Antwort hier eindr\u00fccklichsten &#8211; im Gleichnis des barmherzigen Samariters, <strong>als Jesus ausgerechnet von einem Schriftgelehrten gefragt wurde unter welcher Voraussetzung ein Mensch das ewige Leben erreichen k\u00f6nne <\/strong>&#8211;<sub>(also einer Existenz des eigenen ICHs in einer Dimension &#8222;oberhalb&#8220; der verg\u00e4nglichen Ebenen von Raum und Zeit).<\/sub><br><br><strong>So einfach die Antwort Gottes auf die wichtigste Frage der Menschheit auch klingen mag<\/strong> &#8211; f\u00fcr uns ist doch schon der zweite Teil schwer genug, unser Gegen\u00fcber genau so zu lieben wie uns selbst <sub>(eigentlich k\u00f6nnen wir uns zun\u00e4chst nur dazu entscheiden und dann entsprechend verhalten) <\/sub>&#8211; aber wie sollten wir jemals etwas lieben k\u00f6nnen, das wir gar nicht kennen? &#8211; <strong>Das kann einfach nicht funktionieren!<\/strong><br><br>Liebe setzt eine gewisse Beziehung voraus, also von beiden Seiten die Bereitschaft dazu und nat\u00fcrlich die Zeit die es erfordert jede Beziehung &#8211; auch die mit Gott, aufzubauen und zu pflegen.<br>Soweit es Gott betrifft &#8211; <strong>ER verspricht JEDEM der IHN sucht, dass er IHN finden wird<\/strong>, das bedeutet also: Dieser allm\u00e4chtige Erbauer des ganzen Universums <strong>wartet schon<\/strong> mit offenen Armen <strong>auf jeden Einzelnen von uns!<\/strong><br><br>Was allerdings uns und die ganze Menschheit angeht &#8211; <strong>die bewu\u00dfte Entscheidung<\/strong> f\u00fcr eine pers\u00f6nliche Beziehung mit seinem Sch\u00f6pfer, <strong>dar\u00fcber diesen Gott zu suchen<\/strong> und in seine Familie einzutreten &#8211; <strong>oder auch nicht<\/strong> &#8211; trifft jeder Mensch f\u00fcr sich allein und kann es auch nur f\u00fcr sich selbst tun.<br><br>Besonders beeindruckt mich an diesem Gott der Bibel, dass er keine blinde Gefolgschaft verlangt, sondern uns herausfordert IHN &#8211; und alles andere <small>(d.h. auch diese Seiten)<\/small> zu pr\u00fcfen &#8211; und nur das Gute zu behalten! <br><strong>Dieser Gott m\u00f6chte sich uns pers\u00f6nlich offenbaren &#8211; und das findet man in keiner anderen Religion der Welt!<\/strong><br><br>Wenn Du bereit bist mit auf diesem Weg des Sch\u00f6pfers zu gehen, wollen wir alle von Lion of Judah Dir dabei helfen IHN \u00fcberhaupt &#8211; und dann auch weiter immer besser kennen zu lernen. <br>Einfach weil wir uns selbst dazu entschlossen haben Seiner Aufforderung nachzukommen und uns bewusst ist, dass kein Mensch diesen Lebensweg mit Gott f\u00fcr sich alleine gehen kann, alle auf diesem Weg sind Br\u00fcder und Schwestern &#8211; oder geh\u00f6ren nicht dazu.<\/p>\n\n\n\n<div class=\"wp-block-columns is-layout-flex wp-container-core-columns-is-layout-9d6595d7 wp-block-columns-is-layout-flex\">\n<div class=\"wp-block-column is-layout-flow wp-block-column-is-layout-flow\" style=\"flex-basis:66.66%\">\n<h6 class=\"wp-block-heading has-text-align-right\">Schon allein um die Liebe untereinander zu lernen und zu \u00fcben brauchen wir einander<\/h6>\n<\/div>\n\n\n\n<div class=\"wp-block-column is-layout-flow wp-block-column-is-layout-flow\" style=\"flex-basis:33.33%\">\n<figure class=\"wp-block-image size-full is-resized\"><img loading=\"lazy\" decoding=\"async\" width=\"36\" height=\"36\" src=\"http:\/\/lionofjudah.info\/wp-content\/uploads\/1f609.png\" alt=\"\" class=\"wp-image-200\" style=\"width:43px;height:auto\"\/><\/figure>\n<\/div>\n<\/div>\n\n\n\n<p>Es ist ein Weg der andauerndes <strong>Suchen, Lernen, einander und sich selbst Vergeben<\/strong> erfordert &#8211; aber vor allem zu erkennen, dass keiner von uns von sich aus perfekt ist oder es in diesem Leben je sein wird.<br><br><strong>Bei aller M\u00fche den dieser &#8222;schmale Pfad&#8220; bereitet &#8211; wir sind davon \u00fcberzeugt, dass der Lohn des Sch\u00f6pfers, die Ewigkeit bei IHM, und gemeinsam mit unseren Geschwistern aus allen Zeitaltern zu verbringen &#8211; f\u00fcr alle Menschen die es sich im hier und jetzt den Preis kosten lassen,  unvorstellbar weit \u00fcbersteigt!<\/strong><br><br>Schalom! <sub>(Nicht nur Frieden, sondern auch der Wunsch nach Gesundheit, Wohlergehen und allem Guten f\u00fcr Dich &#8211; oder einfach: nothing broken, nothing missing)<br><\/sub><br>Bernd Hagel &#8222;Sch\u00e4fla&#8220; f\u00fcr Lion of Judah Ministries<\/p>\n\n\n<style>.wp-block-kadence-spacer.kt-block-spacer-41_7ca5b9-06 .kt-block-spacer{height:60px;}.wp-block-kadence-spacer.kt-block-spacer-41_7ca5b9-06 .kt-divider{border-top-width:1px;height:1px;border-top-color:#eee;width:80%;border-top-style:solid;}<\/style>\n<div class=\"wp-block-kadence-spacer aligncenter kt-block-spacer-41_7ca5b9-06\"><div class=\"kt-block-spacer kt-block-spacer-halign-center\"><hr class=\"kt-divider\"\/><\/div><\/div>\n\n\n<style>.wp-block-kadence-advancedbtn.kb-btns41_2ed130-64{gap:var(--global-kb-gap-xs, 0.5rem );justify-content:center;align-items:center;}.kt-btns41_2ed130-64 .kt-button{font-weight:normal;font-style:normal;}.kt-btns41_2ed130-64 .kt-btn-wrap-0{margin-right:5px;}.wp-block-kadence-advancedbtn.kt-btns41_2ed130-64 .kt-btn-wrap-0 .kt-button{color:#555555;border-color:#555555;}.wp-block-kadence-advancedbtn.kt-btns41_2ed130-64 .kt-btn-wrap-0 .kt-button:hover, .wp-block-kadence-advancedbtn.kt-btns41_2ed130-64 .kt-btn-wrap-0 .kt-button:focus{color:#ffffff;border-color:#444444;}.wp-block-kadence-advancedbtn.kt-btns41_2ed130-64 .kt-btn-wrap-0 .kt-button::before{display:none;}.wp-block-kadence-advancedbtn.kt-btns41_2ed130-64 .kt-btn-wrap-0 .kt-button:hover, .wp-block-kadence-advancedbtn.kt-btns41_2ed130-64 .kt-btn-wrap-0 .kt-button:focus{background:#444444;}<\/style>\n<div class=\"wp-block-kadence-advancedbtn kb-buttons-wrap kb-btns41_2ed130-64\"><style>ul.menu .wp-block-kadence-advancedbtn .kb-btn41_933b13-f4.kb-button{width:initial;}<\/style><a class=\"kb-button kt-button button kb-btn41_933b13-f4 kt-btn-size-standard kt-btn-width-type-auto kb-btn-global-fill  kt-btn-has-text-true kt-btn-has-svg-false  wp-block-kadence-singlebtn\" href=\"http:\/\/lionofjudah.info\/?page_id=50\"><span class=\"kt-btn-inner-text\">Infos \u00fcber die Mitgliedschaft von Lion of Judah<\/span><\/a><\/div>\n","protected":false},"excerpt":{"rendered":"<p>Herzlich willkommen, hier muss ich leider mit einer traugigen Realiti\u00e4t beginnen, und zwar, dass im Lauf der Jahrtausende unz\u00e4hlige unschuldiger Menschen gequ\u00e4lt, missbraucht, gefoltert, ermordet und in tausenden Kriegen buchst\u00e4blich &#8222;verheizt&#8220; worden sind &#8211; und das im Namen von G\u00f6ttern aller Religionen. Dabei standen \u00fcberall Geistliche, meist nicht ganz so buchst\u00e4blich, in &#8222;forderster Front&#8220; um&#8230;<\/p>\n","protected":false},"author":1,"featured_media":0,"parent":0,"menu_order":0,"comment_status":"closed","ping_status":"closed","template":"","meta":{"_kad_post_transparent":"","_kad_post_title":"hide","_kad_post_layout":"default","_kad_post_sidebar_id":"sidebar-primary","_kad_post_content_style":"","_kad_post_vertical_padding":"","_kad_post_feature":"","_kad_post_feature_position":"","_kad_post_header":true,"_kad_post_footer":false,"_kad_post_classname":"","footnotes":""},"class_list":["post-41","page","type-page","status-publish","hentry"],"_links":{"self":[{"href":"https:\/\/lionofjudah.info\/index.php?rest_route=\/wp\/v2\/pages\/41","targetHints":{"allow":["GET"]}}],"collection":[{"href":"https:\/\/lionofjudah.info\/index.php?rest_route=\/wp\/v2\/pages"}],"about":[{"href":"https:\/\/lionofjudah.info\/index.php?rest_route=\/wp\/v2\/types\/page"}],"author":[{"embeddable":true,"href":"https:\/\/lionofjudah.info\/index.php?rest_route=\/wp\/v2\/users\/1"}],"replies":[{"embeddable":true,"href":"https:\/\/lionofjudah.info\/index.php?rest_route=%2Fwp%2Fv2%2Fcomments&post=41"}],"version-history":[{"count":44,"href":"https:\/\/lionofjudah.info\/index.php?rest_route=\/wp\/v2\/pages\/41\/revisions"}],"predecessor-version":[{"id":4356,"href":"https:\/\/lionofjudah.info\/index.php?rest_route=\/wp\/v2\/pages\/41\/revisions\/4356"}],"wp:attachment":[{"href":"https:\/\/lionofjudah.info\/index.php?rest_route=%2Fwp%2Fv2%2Fmedia&parent=41"}],"curies":[{"name":"wp","href":"https:\/\/api.w.org\/{rel}","templated":true}]}}