{"id":47,"date":"2023-12-05T12:11:31","date_gmt":"2023-12-05T11:11:31","guid":{"rendered":"http:\/\/lionofjudah.info\/?page_id=47"},"modified":"2026-01-25T00:36:17","modified_gmt":"2026-01-24T23:36:17","slug":"ueber-lion-of-judah","status":"publish","type":"page","link":"https:\/\/lionofjudah.info\/?page_id=47","title":{"rendered":"\u00dcber Lion of Judah"},"content":{"rendered":"<style>.wp-block-kadence-advancedbtn.kb-btns47_5395fa-7d{gap:var(--global-kb-gap-xs, 0.5rem );justify-content:center;align-items:center;}.kt-btns47_5395fa-7d .kt-button{font-weight:normal;font-style:normal;}.kt-btns47_5395fa-7d .kt-btn-wrap-0{margin-right:5px;}.wp-block-kadence-advancedbtn.kt-btns47_5395fa-7d .kt-btn-wrap-0 .kt-button{color:#555555;border-color:#555555;}.wp-block-kadence-advancedbtn.kt-btns47_5395fa-7d .kt-btn-wrap-0 .kt-button:hover, .wp-block-kadence-advancedbtn.kt-btns47_5395fa-7d .kt-btn-wrap-0 .kt-button:focus{color:#ffffff;border-color:#444444;}.wp-block-kadence-advancedbtn.kt-btns47_5395fa-7d .kt-btn-wrap-0 .kt-button::before{display:none;}.wp-block-kadence-advancedbtn.kt-btns47_5395fa-7d .kt-btn-wrap-0 .kt-button:hover, .wp-block-kadence-advancedbtn.kt-btns47_5395fa-7d .kt-btn-wrap-0 .kt-button:focus{background:#444444;}<\/style>\n<div class=\"wp-block-kadence-advancedbtn kb-buttons-wrap kb-btns47_5395fa-7d\"><style>ul.menu .wp-block-kadence-advancedbtn .kb-btn47_ba23ed-dd.kb-button{width:initial;}<\/style><a class=\"kb-button kt-button button kb-btn47_ba23ed-dd kt-btn-size-small kt-btn-width-type-auto kb-btn-global-fill  kt-btn-has-text-true kt-btn-has-svg-false  wp-block-kadence-singlebtn\" href=\"https:\/\/churchathome.lion-of-judah.net\/\"><span class=\"kt-btn-inner-text\">Church@Home<\/span><\/a>\n\n<style>ul.menu .wp-block-kadence-advancedbtn .kb-btn47_76ebe4-a1.kb-button{width:initial;}<\/style><a class=\"kb-button kt-button button kb-btn47_76ebe4-a1 kt-btn-size-small kt-btn-width-type-auto kb-btn-global-fill  kt-btn-has-text-true kt-btn-has-svg-false  wp-block-kadence-singlebtn\" href=\"https:\/\/lion4israel.lion-of-judah.net\/\"><span class=\"kt-btn-inner-text\">Lion for Israel<\/span><\/a>\n\n<style>ul.menu .wp-block-kadence-advancedbtn .kb-btn47_ad1497-d8.kb-button{width:initial;}<\/style><a class=\"kb-button kt-button button kb-btn47_ad1497-d8 kt-btn-size-small kt-btn-width-type-auto kb-btn-global-fill  kt-btn-has-text-true kt-btn-has-svg-false  wp-block-kadence-singlebtn\" href=\"https:\/\/wohlergehen.lion-of-judah.net\/\"><span class=\"kt-btn-inner-text\">Wellness<\/span><\/a>\n\n<style>ul.menu .wp-block-kadence-advancedbtn .kb-btn47_208751-0c.kb-button{width:initial;}<\/style><a class=\"kb-button kt-button button kb-btn47_208751-0c kt-btn-size-small kt-btn-width-type-auto kb-btn-global-fill  kt-btn-has-text-true kt-btn-has-svg-false  wp-block-kadence-singlebtn\" href=\"https:\/\/jugend.lion-of-judah.net\/\"><span class=\"kt-btn-inner-text\">Jugend<\/span><\/a>\n\n<style>ul.menu .wp-block-kadence-advancedbtn .kb-btn47_727e71-7f.kb-button{width:initial;}<\/style><a class=\"kb-button kt-button button kb-btn47_727e71-7f kt-btn-size-small kt-btn-width-type-auto kb-btn-global-fill  kt-btn-has-text-true kt-btn-has-svg-false  wp-block-kadence-singlebtn\" href=\"https:\/\/senioren.lion-of-judah.net\/\"><span class=\"kt-btn-inner-text\">Senioren<\/span><\/a>\n\n<style>ul.menu .wp-block-kadence-advancedbtn .kb-btn47_91f594-1d.kb-button{width:initial;}<\/style><a class=\"kb-button kt-button button kb-btn47_91f594-1d kt-btn-size-small kt-btn-width-type-auto kb-btn-global-fill  kt-btn-has-text-true kt-btn-has-svg-false  wp-block-kadence-singlebtn\" href=\"https:\/\/frau.lion-of-judah.net\/\"><span class=\"kt-btn-inner-text\">Frauen<\/span><\/a>\n\n<style>ul.menu .wp-block-kadence-advancedbtn .kb-btn47_aab0ab-01.kb-button{width:initial;}<\/style><a class=\"kb-button kt-button button kb-btn47_aab0ab-01 kt-btn-size-small kt-btn-width-type-auto kb-btn-global-fill  kt-btn-has-text-true kt-btn-has-svg-false  wp-block-kadence-singlebtn\" href=\"https:\/\/mann.lion-of-judah.net\/\"><span class=\"kt-btn-inner-text\">M\u00e4nner<\/span><\/a>\n\n<style>ul.menu .wp-block-kadence-advancedbtn .kb-btn47_567fd0-b5.kb-button{width:initial;}<\/style><a class=\"kb-button kt-button button kb-btn47_567fd0-b5 kt-btn-size-small kt-btn-width-type-auto kb-btn-global-fill  kt-btn-has-text-true kt-btn-has-svg-false  wp-block-kadence-singlebtn\" href=\"https:\/\/gebet.lion-of-judah.net\/\"><span class=\"kt-btn-inner-text\">Gebet<\/span><\/a>\n\n<style>ul.menu .wp-block-kadence-advancedbtn .kb-btn47_f592fa-1c.kb-button{width:initial;}.kb-btn47_f592fa-1c.kb-button .kb-svg-icon-wrap{font-size:60px;--kb-button-icon-size:60px;}<\/style><a class=\"kb-button kt-button button kb-btn47_f592fa-1c kt-btn-size-small kt-btn-width-type-auto kb-btn-global-fill  kt-btn-has-text-true kt-btn-has-svg-false  wp-block-kadence-singlebtn\" href=\"https:\/\/sucht.lion-of-judah.net\/\"><span class=\"kt-btn-inner-text\">S\u00fcchte<\/span><\/a>\n\n<style>ul.menu .wp-block-kadence-advancedbtn .kb-btn47_39b966-08.kb-button{width:initial;}<\/style><a class=\"kb-button kt-button button kb-btn47_39b966-08 kt-btn-size-small kt-btn-width-type-auto kb-btn-global-fill  kt-btn-has-text-true kt-btn-has-svg-false  wp-block-kadence-singlebtn\" href=\"https:\/\/gefangen.lion-of-judah.net\/\"><span class=\"kt-btn-inner-text\">Gefangene<\/span><\/a>\n\n<style>ul.menu .wp-block-kadence-advancedbtn .kb-btn47_14ca24-f3.kb-button{width:initial;}<\/style><a class=\"kb-button kt-button button kb-btn47_14ca24-f3 kt-btn-size-small kt-btn-width-type-auto kb-btn-global-fill  kt-btn-has-text-true kt-btn-has-svg-false  wp-block-kadence-singlebtn\" href=\"https:\/\/lobpreis.lion-of-judah.net\/\"><span class=\"kt-btn-inner-text\">Lobpreis<\/span><\/a>\n\n<style>ul.menu .wp-block-kadence-advancedbtn .kb-btn47_540431-de.kb-button{width:initial;}<\/style><a class=\"kb-button kt-button button kb-btn47_540431-de kt-btn-size-small kt-btn-width-type-auto kb-btn-global-fill  kt-btn-has-text-true kt-btn-has-svg-false  wp-block-kadence-singlebtn\" href=\"https:\/\/mm.lion-of-judah.net\/\"><span class=\"kt-btn-inner-text\">Biker<\/span><\/a><\/div>\n\n\n<style>.wp-block-kadence-spacer.kt-block-spacer-47_b703ef-32 .kt-block-spacer{height:50px;}.wp-block-kadence-spacer.kt-block-spacer-47_b703ef-32 .kt-divider{border-top-width:1px;height:1px;border-top-color:#eee;width:80%;border-top-style:solid;}<\/style>\n<div class=\"wp-block-kadence-spacer aligncenter kt-block-spacer-47_b703ef-32\"><div class=\"kt-block-spacer kt-block-spacer-halign-center\"><hr class=\"kt-divider\"\/><\/div><\/div>\n\n\n\n<div class=\"wp-block-columns is-layout-flex wp-container-core-columns-is-layout-9d6595d7 wp-block-columns-is-layout-flex\">\n<div class=\"wp-block-column is-layout-flow wp-block-column-is-layout-flow\" style=\"flex-basis:50%\">\n<h1 class=\"wp-block-heading\">\u00dcber Lion of Judah<\/h1>\n<\/div>\n\n\n\n<div class=\"wp-block-column is-layout-flow wp-block-column-is-layout-flow\" style=\"flex-basis:50%\"><style>.wp-block-kadence-advancedbtn.kb-btns47_b081ad-84{gap:var(--global-kb-gap-xs, 0.5rem );justify-content:flex-end;align-items:center;}.kt-btns47_b081ad-84 .kt-button{font-weight:normal;font-style:normal;}.kt-btns47_b081ad-84 .kt-btn-wrap-0{margin-right:5px;}.wp-block-kadence-advancedbtn.kt-btns47_b081ad-84 .kt-btn-wrap-0 .kt-button{color:#555555;border-color:#555555;}.wp-block-kadence-advancedbtn.kt-btns47_b081ad-84 .kt-btn-wrap-0 .kt-button:hover, .wp-block-kadence-advancedbtn.kt-btns47_b081ad-84 .kt-btn-wrap-0 .kt-button:focus{color:#ffffff;border-color:#444444;}.wp-block-kadence-advancedbtn.kt-btns47_b081ad-84 .kt-btn-wrap-0 .kt-button::before{display:none;}.wp-block-kadence-advancedbtn.kt-btns47_b081ad-84 .kt-btn-wrap-0 .kt-button:hover, .wp-block-kadence-advancedbtn.kt-btns47_b081ad-84 .kt-btn-wrap-0 .kt-button:focus{background:#444444;}<\/style>\n<div class=\"wp-block-kadence-advancedbtn kb-buttons-wrap kb-btns47_b081ad-84\"><style>ul.menu .wp-block-kadence-advancedbtn .kb-btn47_64b885-13.kb-button{width:initial;}<\/style><a class=\"kb-button kt-button button kb-btn47_64b885-13 kt-btn-size-standard kt-btn-width-type-auto kb-btn-global-fill  kt-btn-has-text-true kt-btn-has-svg-false  wp-block-kadence-singlebtn\" href=\"http:\/\/lionofjudah.info\/?page_id=41\"><span class=\"kt-btn-inner-text\">zur\u00fcck zur Startseite<\/span><\/a><\/div>\n<\/div>\n<\/div>\n\n\n\n<h4 class=\"wp-block-heading\"><strong>Der Name Lion of Judah, oder auf deutsch der L\u00f6we aus dem Stamme Juda, ist eine der Bezeichnungen f\u00fcr den auferstandenen Jesus Christus, die wir im dem letzten Buch der Bibel, der Offenbarung in Kapitel 5, Vers 5<\/strong> finden.<\/h4>\n\n\n<style>.wp-block-kadence-spacer.kt-block-spacer-47_b172c8-eb .kt-block-spacer{height:40px;}.wp-block-kadence-spacer.kt-block-spacer-47_b172c8-eb .kt-divider{border-top-width:1px;height:1px;border-top-color:#eee;width:80%;border-top-style:solid;}<\/style>\n<div class=\"wp-block-kadence-spacer aligncenter kt-block-spacer-47_b172c8-eb\"><div class=\"kt-block-spacer kt-block-spacer-halign-center\"><hr class=\"kt-divider\"\/><\/div><\/div>\n\n\n\n<p class=\"has-text-align-center\">Wie unter <a href=\"http:\/\/lionofjudah.info\/?page_id=66\" data-type=\"page\" data-id=\"66\" target=\"_blank\" rel=\"noreferrer noopener\">Vision<\/a> beschrieben, existieren in Lion of Judah 12 Dienstbereiche die \u00fcber das Men\u00fc ganz oben aufgerufen werden k\u00f6nnen.<\/p>\n\n\n<style>.wp-block-kadence-spacer.kt-block-spacer-47_32bd87-b8 .kt-block-spacer{height:40px;}.wp-block-kadence-spacer.kt-block-spacer-47_32bd87-b8 .kt-divider{border-top-width:1px;height:1px;border-top-color:#eee;width:80%;border-top-style:solid;}<\/style>\n<div class=\"wp-block-kadence-spacer aligncenter kt-block-spacer-47_32bd87-b8\"><div class=\"kt-block-spacer kt-block-spacer-halign-center\"><hr class=\"kt-divider\"\/><\/div><\/div>\n\n\n\n<p>Am ehesten k\u00f6nnen wir uns als ein, die christlichen Konfessionen \u00fcbergreifender, Dienst aus ehrenamtlichen Mitarbeitern, der offiziell im Juni 2009 gegr\u00fcndet wurde, beschreiben.<br>Unsere Mitglieder kommen aus verschiedenen Kontinenten und geh\u00f6ren den unterschiedlichsten christlichen Denominationen &#8211; oder aber auch gar keiner an. Was uns alle miteinander verbindet ist der gemeinsame Glaube an den allm\u00e4chtigen dreieinigen Gott, den Sch\u00f6pfer aller Dinge, seinen Sohn Jesus Christus, unseren Herrn und Retter und den Heiligen Geist.<\/p>\n\n\n\n<p>Gemeinsam wollen wir den Auftrag Gottes an Seine Kinder erf\u00fcllen und wie es in einer <strong>Familie<\/strong> sein sollte, f\u00fcr einander da sein, uns gegenseitig mit unseren Gaben dienen. Unser Slogan: &#8222;HERE FOR YOU&#8220; soll f\u00fcr uns in Lion of Judah nicht nur ein Lippenbekenntnis bleiben.<\/p>\n\n\n\n<p>Dieser Gott an den wir glauben liebt die Vielfalt, ER hat kein einziges Blatt genau wie ein anderes erschaffen, ja selbst jede Schneeflocke die seit der Erschaffung der Welt gefallen ist, war einzigartig &#8211; um wie vieles mehr dann wir Menschen f\u00fcr die ER dieses Universum geschaffen hat?<br>Wir glauben, dass jeder Mensch von Gott geliebt und &#8222;geplant&#8220; ist &#8211; und wenn wir alle Kinder <strong>eines Vaters<\/strong> sind, sollten nicht auch wir unsere Geschwister &#8211; ALLE Menschen, jedes Standes, jeder Nationalit\u00e4t und Hautfarbe lieben?<br><br>Wie Petrus erkennen durfte &#8222;sieht Gott die Person nicht an&#8220; das bedeutet, ER liebt den Obdachlosen genau in dem Ma\u00dfe wie den Staatsmann, die Hausfrau ebenso wie den Manager und den Punker nicht weniger als den Priester. <br>Entscheidend ist, wer nach IHM und nach seinem Willen fragt, versucht danach zu handeln &#8211; und wo sie oder er versagt, Bu\u00dfe tut &#8211; wieder umkehrt.<br>Als Biker gesprochen: &#8222;Der Herr schaut nicht auf Dein Abzeichen &#8211; sondern in Dein Herz!&#8220;<br><br>Gottes Wort sagt, dass wir alle zusammen ein Leib in Christus sind, eine Einheit die sich aus vielen unterschiedlichen Organen und Gliedma\u00dfen mit unterschiedlichen Aufgaben zusammensetzt &#8211; und die doch nur zusammen v\u00f6llig funktionsf\u00e4hig ist.<br>Analog dazu haben wir, als einzigartige Pers\u00f6nlichkeiten, ein jeder seine St\u00e4rken- und auch seine Schw\u00e4chen. <br>Wenn nun jeder Einzelne seine St\u00e4rken f\u00fcr die Schw\u00e4chen des Anderen einsetzt, dann wird es uns allen weit besser gehen, und unser aller Leben wird ein ganzes St\u00fcck &#8222;lebenswerter&#8220;.<br><br>So ist es unser Anliegen Br\u00fccken zu bauen, Br\u00fccken zwischen jung und alt, Br\u00fccken zwischen den Geschlechtern, Br\u00fccken zwischen Menschen mit den verschiedensten pers\u00f6nlichen, ethischen und kulturellen Hintergr\u00fcnden.<br>Wir m\u00f6chten allen Menschen mit unseren Gaben, den &#8222;Talenten&#8220; die Gott uns gegeben hat, beistehen &#8211; sei es durch Gemeinschaft, Gebet, F\u00fcrbitte, Lehre, Wellnesstips &#8230; oder ganz einfach auch im praktischen Tun.<br><br><strong>Wenn Du mehr dar\u00fcber wissen willst wie Du, als Mensch, eine ganz pers\u00f6nliche Beziehung zu Gott aufbauen kannst,<\/strong> laden wir Dich dazu ein weiter auf unseren Seiten zu &#8222;schm\u00f6kern&#8220;, du wirst hier einiges zu diesem Thema und auch ganz allgemein \u00fcber <strong>IHN<\/strong> finden. <br><br><strong>Wenn Du Fragen hast, oder einfach mal jemanden von uns kennen lernen m\u00f6chtest nimm <a href=\"http:\/\/lionofjudah.info\/?page_id=87\" data-type=\"page\" data-id=\"87\">Kontakt<\/a> auf, wir freuen uns auf Dich!<\/strong><\/p>\n\n\n<style>.wp-block-kadence-spacer.kt-block-spacer-47_ef53e3-40 .kt-block-spacer{height:75px;}.wp-block-kadence-spacer.kt-block-spacer-47_ef53e3-40 .kt-divider{border-top-width:1px;height:1px;border-top-color:#eee;width:80%;border-top-style:solid;}<\/style>\n<div class=\"wp-block-kadence-spacer aligncenter kt-block-spacer-47_ef53e3-40\"><div class=\"kt-block-spacer kt-block-spacer-halign-center\"><hr class=\"kt-divider\"\/><\/div><\/div>\n\n\n\n<hr class=\"wp-block-separator has-alpha-channel-opacity\"\/>\n\n\n\n<h5 class=\"wp-block-heading has-text-align-center\">Ein paar der Ziele und Grundlagen unserer Gemeinschaft wollen wir hier mit Hilfe einiger Bibelstellen ausdr\u00fccken.<br><\/h5>\n\n\n<style>.wp-block-kadence-spacer.kt-block-spacer-47_917a99-b6 .kt-block-spacer{height:40px;}.wp-block-kadence-spacer.kt-block-spacer-47_917a99-b6 .kt-divider{border-top-width:1px;height:1px;border-top-color:#eee;width:80%;border-top-style:solid;}<\/style>\n<div class=\"wp-block-kadence-spacer aligncenter kt-block-spacer-47_917a99-b6\"><div class=\"kt-block-spacer kt-block-spacer-halign-center\"><hr class=\"kt-divider\"\/><\/div><\/div>\n\n\n\n<p><sup><strong>Johannes 14,6<\/strong><\/sup> &#8211; <em>Jesus spricht zu ihm: Ich bin der Weg und die Wahrheit und das Leben. Niemand kommt zum Vater als nur durch mich.<\/em><br><br><sup><strong>Johannes 1,12<\/strong><\/sup> &#8211; <em>so viele ihn (Jesus) aber aufnahmen, denen gab er das Recht, Kinder Gottes zu werden, denen, die an seinen Namen glauben;<\/em><br><br><sup><strong>Johannes 12,25<\/strong><\/sup> &#8211; <em>Wer sein Leben liebhat, der wird es verlieren; und wer sein Leben auf dieser Welt ha\u00dft<\/em><sub> (bereit ist, den eigenen Willen dem Willen Gottes unterzuordnen),<\/sub><br><em>der wird&#8217;s erhalten zum ewigen Leben.<br><\/em><br><sup><strong>Johannes 15,12<\/strong><\/sup> &#8211; <em>Dies ist mein Gebot, dass ihr einander liebt, wie ich euch geliebt habe.<\/em><br><br><sup><strong>Johannes 13,35<\/strong><\/sup> &#8211; <em>Daran werden alle erkennen, dass ihr meine J\u00fcnger seid, wenn ihr Liebe untereinander habt.<\/em><br><br><sup><strong>R\u00f6mer 12,5<\/strong><\/sup> &#8211; <em>So sind auch wir, die vielen, ein Leib in Christus, als einzelne aber untereinander Glieder.<\/em><br><br><sup><strong>Galater 6,2<\/strong><\/sup> &#8211; <em>Einer trage des andern Last, so werdet ihr das Gesetz Christi erf\u00fcllen.<\/em><br><br><sup><strong>Johannes 3,16<\/strong><\/sup> &#8211; <em>Denn so hat Gott die Welt geliebt, da\u00df er seinen eingeborenen Sohn gab, damit alle, die an ihn glauben, nicht verloren gehen werden, <\/em><br><em>sondern das ewige Leben haben.<\/em><br><br><sup><strong>Johannes 1,10<\/strong><\/sup> &#8211; <em>Er war in der Welt, und die Welt wurde durch ihn, und die Welt kannte ihn nicht.<\/em><br><br><sup><strong>Johannes 1,3<\/strong> <\/sup>&#8211; <em>Alles ist durch dasselbe entstanden; und ohne dasselbe ist auch nicht eines entstanden, was entstanden ist.<\/em><br><br><sup><strong>Apostelgeschichte 10,34+35<\/strong><\/sup> &#8211; <em>Da tat Petrus den Mund auf und sprach: Nun erfahre ich in Wahrheit, da\u00df Gott die Person nicht ansieht, sondern dass in jeder Nation, wer ihn f\u00fcrchtet und recht tut, ihm angenehm ist!<br><\/em><br><sup><strong>Markus 16,15<\/strong><\/sup> &#8211; <em>Und Jesus sprach zu ihnen: Geht hin in die ganze Welt und predigt das Evangelium der ganzen Sch\u00f6pfung!<\/em><\/p>\n\n\n\n<hr class=\"wp-block-separator has-alpha-channel-opacity\"\/>\n\n\n\n<p><br><br>Falls Du Jesus Christus die Herrschaft \u00fcber Dein Leben gegeben hast, dadurch zu einem Kind Gottes geworden bist und nun auch nach einem Weg IHM dienen zu k\u00f6nnen suchst &#8211; dann meine Schwester\/mein Bruder, frage IHN ob Du nicht auch Teil der L\u00f6wenfamilie werden sollst, denn seine Schafe h\u00f6ren seine Stimme! <sub>(Johannes 10, 27)<\/sub><\/p>\n\n\n\n<p><a href=\"http:\/\/lionofjudah.info\/?page_id=50\" type=\"page\" id=\"50\">Infos \u00fcber die Partnerschaft in Lion of Judah<\/a><\/p>\n\n\n\n<p><a href=\"http:\/\/lionofjudah.info\/?page_id=3337\" type=\"page\" id=\"3337\">Verein<\/a><\/p>\n\n\n<style>.wp-block-kadence-advancedbtn.kb-btns47_8a2629-b2{gap:var(--global-kb-gap-xs, 0.5rem );justify-content:center;align-items:center;}.kt-btns47_8a2629-b2 .kt-button{font-weight:normal;font-style:normal;}.kt-btns47_8a2629-b2 .kt-btn-wrap-0{margin-right:5px;}.wp-block-kadence-advancedbtn.kt-btns47_8a2629-b2 .kt-btn-wrap-0 .kt-button{color:#555555;border-color:#555555;}.wp-block-kadence-advancedbtn.kt-btns47_8a2629-b2 .kt-btn-wrap-0 .kt-button:hover, .wp-block-kadence-advancedbtn.kt-btns47_8a2629-b2 .kt-btn-wrap-0 .kt-button:focus{color:#ffffff;border-color:#444444;}.wp-block-kadence-advancedbtn.kt-btns47_8a2629-b2 .kt-btn-wrap-0 .kt-button::before{display:none;}.wp-block-kadence-advancedbtn.kt-btns47_8a2629-b2 .kt-btn-wrap-0 .kt-button:hover, .wp-block-kadence-advancedbtn.kt-btns47_8a2629-b2 .kt-btn-wrap-0 .kt-button:focus{background:#444444;}<\/style>\n<div class=\"wp-block-kadence-advancedbtn kb-buttons-wrap kb-btns47_8a2629-b2\"><style>ul.menu .wp-block-kadence-advancedbtn .kb-btn47_2b622e-3c.kb-button{width:initial;}<\/style><a class=\"kb-button kt-button button kb-btn47_2b622e-3c kt-btn-size-standard kt-btn-width-type-auto kb-btn-global-fill  kt-btn-has-text-true kt-btn-has-svg-false  wp-block-kadence-singlebtn\" href=\"http:\/\/lionofjudah.info\/?page_id=41\"><span class=\"kt-btn-inner-text\">zur\u00fcck zur Startseite<\/span><\/a><\/div>\n","protected":false},"excerpt":{"rendered":"<p>\u00dcber Lion of Judah Der Name Lion of Judah, oder auf deutsch der L\u00f6we aus dem Stamme Juda, ist eine der Bezeichnungen f\u00fcr den auferstandenen Jesus Christus, die wir im dem letzten Buch der Bibel, der Offenbarung in Kapitel 5, Vers 5 finden. Wie unter Vision beschrieben, existieren in Lion of Judah 12 Dienstbereiche die&#8230;<\/p>\n","protected":false},"author":1,"featured_media":0,"parent":0,"menu_order":0,"comment_status":"closed","ping_status":"closed","template":"","meta":{"_kad_post_transparent":"","_kad_post_title":"hide","_kad_post_layout":"","_kad_post_sidebar_id":"","_kad_post_content_style":"","_kad_post_vertical_padding":"","_kad_post_feature":"","_kad_post_feature_position":"","_kad_post_header":true,"_kad_post_footer":false,"_kad_post_classname":"","footnotes":""},"class_list":["post-47","page","type-page","status-publish","hentry"],"_links":{"self":[{"href":"https:\/\/lionofjudah.info\/index.php?rest_route=\/wp\/v2\/pages\/47","targetHints":{"allow":["GET"]}}],"collection":[{"href":"https:\/\/lionofjudah.info\/index.php?rest_route=\/wp\/v2\/pages"}],"about":[{"href":"https:\/\/lionofjudah.info\/index.php?rest_route=\/wp\/v2\/types\/page"}],"author":[{"embeddable":true,"href":"https:\/\/lionofjudah.info\/index.php?rest_route=\/wp\/v2\/users\/1"}],"replies":[{"embeddable":true,"href":"https:\/\/lionofjudah.info\/index.php?rest_route=%2Fwp%2Fv2%2Fcomments&post=47"}],"version-history":[{"count":3,"href":"https:\/\/lionofjudah.info\/index.php?rest_route=\/wp\/v2\/pages\/47\/revisions"}],"predecessor-version":[{"id":3873,"href":"https:\/\/lionofjudah.info\/index.php?rest_route=\/wp\/v2\/pages\/47\/revisions\/3873"}],"wp:attachment":[{"href":"https:\/\/lionofjudah.info\/index.php?rest_route=%2Fwp%2Fv2%2Fmedia&parent=47"}],"curies":[{"name":"wp","href":"https:\/\/api.w.org\/{rel}","templated":true}]}}